{"id":1155,"date":"2022-01-27T02:45:38","date_gmt":"2022-01-27T02:45:38","guid":{"rendered":"https:\/\/www.youplus.ch\/rechtshinweise"},"modified":"2023-06-06T13:39:17","modified_gmt":"2023-06-06T13:39:17","slug":"impressum-fr","status":"publish","type":"page","link":"https:\/\/www.youplus.ch\/fr\/impressum-fr\/","title":{"rendered":"Informations l\u00e9gales"},"content":{"rendered":"\n<h1 class=\"wp-block-heading\">Informations l\u00e9gales<\/h1>\n\n\n\n<p>Veuillez lire attentivement ces pr\u00e9cisions. L\u2019acc\u00e8s au site suppose l\u2019enti\u00e8re acceptation de ces clauses.<\/p>\n\n\n\n<h2 class=\"wp-block-heading\"><a><\/a>Cadre l\u00e9gal<\/h2>\n\n\n\n<p>Le site de YOUPLUS Leben n'est pas destin\u00e9 aux personnes dont le for juridique prohibe l'acc\u00e8s au site YOUPLUS (pour des motifs de nationalit\u00e9 de la personne concern\u00e9e, de son domicile ou pour d'autres raisons). L'acc\u00e8s au site de YOUPLUS est interdit aux personnes soumises \u00e0 de telles limitations.<\/p>\n\n\n\n<h2 class=\"wp-block-heading\"><a><\/a>Public cibl\u00e9<\/h2>\n\n\n\n<p>Ces pages Internet de YOUPLUS ont \u00e9t\u00e9 con\u00e7ues exclusivement pour les clients et les conseillers qui r\u00e9sident et son domicili\u00e9s en Suisse et qui ne sont soumis \u00e0 aucune restriction pour la contraction d\u2019assurances-vie li\u00e9es \u00e0 des fonds ni pour l\u2019acquisition de parts de fonds de placement, par exemple, en raison de leur nationalit\u00e9 ou de leur pays d\u2019origine ou de s\u00e9jour. Toutes les informations et les offres de placement mentionn\u00e9es sur ces pages Internet s\u2019adressent exclusivement aux clients et conseillers pr\u00e9cit\u00e9s et ne sont valables que pour la Suisse. Elles ne constituent aucunement une offre de souscription ou d\u2019acquisition, ou encore une publicit\u00e9 pour une telle offre, \u00e0 l\u2019intention de citoyens am\u00e9ricains (comme d\u00e9fini plus en d\u00e9tail dans les prospectus commerciaux des fonds de placement et des soci\u00e9t\u00e9s de fonds de placement conform\u00e9ment aux lois applicables aux \u00c9tats-Unis) et ne sont pas destin\u00e9es \u00e0 s\u2019appliquer en dehors de la Suisse.<\/p>\n\n\n\n<h2 class=\"wp-block-heading\"><a><\/a>Pas d\u2019offre<\/h2>\n\n\n\n<p>Les donn\u00e9es publi\u00e9es sur ce site sont affich\u00e9es \u00e0 titre d\u2019information et ne constituent en aucun cas une recommandation, une offre ou une incitation \u00e0 acqu\u00e9rir ou vendre des instruments de placements ou \u00e0 signer des contrats \u00e0 valeur l\u00e9gale. Les soci\u00e9t\u00e9s du groupe YOUPLUS ne sont pas non plus tenues d\u2019accuser r\u00e9ception des requ\u00eates qui leur sont adress\u00e9es via le site.<\/p>\n\n\n\n<h2 class=\"wp-block-heading\"><a><\/a>Pas de conseil<\/h2>\n\n\n\n<p>Ce site n\u2019est pas con\u00e7u pour remplacer les conseillers. Il ne constitue pas une base suffisante pour la prise de d\u00e9cision en mati\u00e8re de placements financiers ou d\u2019assurance. Les performances de fonds par le pass\u00e9 ne sont pas forc\u00e9ment une garantie quant \u00e0 leur \u00e9volution future.<\/p>\n\n\n\n<h2 class=\"wp-block-heading\"><a><\/a>Pas de garantie<\/h2>\n\n\n\n<p>Les soci\u00e9t\u00e9s du groupe YOUPLUS adoptent toutes les mesures possibles pour garantir la fiabilit\u00e9 des informations du site. Elles d\u00e9clinent toutefois toute responsabilit\u00e9 quant \u00e0 l\u2019exactitude, l\u2019int\u00e9gralit\u00e9 et la disponibilit\u00e9 des informations publi\u00e9es sur le site et quant aux dommages r\u00e9sultants de l\u2019utilisation de ces informations. Toutes les donn\u00e9es affich\u00e9es sur ce site sont sous r\u00e9serve de modification sans pr\u00e9avis.<\/p>\n\n\n\n<h2 class=\"wp-block-heading\"><a><\/a>Utilisation d\u2019Internet<\/h2>\n\n\n\n<p>Il existe des risques inh\u00e9rents \u00e0 Internet, dus en particulier \u00e0 l'accessibilit\u00e9 du syst\u00e8me Internet, comme le risque de transmission de virus, et des risques de sauvegarde automatique des donn\u00e9es personnelles de l'utilisateur. Les soci\u00e9t\u00e9s du groupe YOUPLUS d\u00e9clinent toute responsabilit\u00e9 en mati\u00e8re d\u2019accessibilit\u00e9 au site et en ce qui concerne les risques directement ou indirectement li\u00e9s \u00e0 l\u2019acc\u00e8s au site ou \u00e0 des sites externes ouverts par les liens du site YOUPLUS.<\/p>\n\n\n\n<h2 class=\"wp-block-heading\"><a><\/a>Utilisation de cookies<\/h2>\n\n\n\n<p>Tout comme de nombreux autres sites Internet, YOUPLUS a recours \u00e0 des cookies. Les seuls cookies que nous utilisons sont des cookies de session, autrement dit de petits fichiers texte qui sont sauvegard\u00e9s par votre explorateur dans votre m\u00e9moire tampon, lors de la visite de notre site, et qui permettent d\u2019utiliser les fonctions de nos pages Internet. A chaque nouvelle visite de notre site Internet, un nouveau cookie est g\u00e9n\u00e9r\u00e9. Vous avez le droit et la possibilit\u00e9 de refuser nos cookies. Pour ce faire, il vous suffit de d\u00e9sactiver les cookies dans votre explorateur. Toutefois, vous ne serez plus en mesure d\u2019utiliser certaines fonctions de notre site Internet, comme le portail client ou le portail partenaire.<\/p>\n\n\n\n<h2 class=\"wp-block-heading\"><a><\/a>Google Analytics<\/h2>\n\n\n\n<p>Ce site Internet utilise Google Analytics, un service d\u2019analyse Internet de Google Inc. (\u00abGoogle\u00bb). Google Analytics utilise les fameux \u00abcookies\u00bb. Il s\u2019agit de fichiers texte enregistr\u00e9s sur votre ordinateur et qui permettent d\u2019analyser votre utilisation du site Internet. Les informations g\u00e9n\u00e9r\u00e9es par les cookies (votre adresse IP y compris) sont transmises \u00e0 un serveur de Google aux Etats-Unis, o\u00f9 elles sont enregistr\u00e9es. Google exploitera ces informations pour conna\u00eetre l\u2019utilisation que vous faites site, \u00e9tablir des rapports sur les activit\u00e9s du site \u00e0 l'intention de ses exploitants et offrir des services compl\u00e9mentaires en rapport avec l'utilisation du site et d'Internet. Google peut transmettre ces informations \u00e0 des tiers, lorsque cela est requis par la loi ou lorsque ces tiers traitent des donn\u00e9es pour le compte de Google. Google assure que votre adresse IP ne sera en aucun cas recoup\u00e9e avec d'autres donn\u00e9es d\u00e9tenues par Google. Vous pouvez \u00e9viter que les cookies ne soient install\u00e9s en param\u00e9trant votre logiciel de navigation en cons\u00e9quence; notez toutefois que dans ce cas, vous ne pourrez utiliser pleinement toutes les fonctionnalit\u00e9s du site Internet. En utilisant ce site Internet, vous d\u00e9clarez accepter que les donn\u00e9es recueillies par Google vous concernant soient trait\u00e9es de la mani\u00e8re et aux fins d\u00e9crites ci-dessus.<\/p>\n\n\n\n<h2 class=\"wp-block-heading\"><a><\/a>Liens<\/h2>\n\n\n\n<p>Les soci\u00e9t\u00e9s du groupe YOUPLUS n\u2019ont pas v\u00e9rifi\u00e9 les liens vers les autres sites figurant sur le site YOUPLUS et d\u00e9clinent donc toute responsabilit\u00e9 concernant leur contenu (v\u00e9racit\u00e9 et l\u00e9galit\u00e9) et les offres qu\u2019ils proposent.<\/p>\n\n\n\n<h2 class=\"wp-block-heading\"><a><\/a>Droits d\u2019auteur<\/h2>\n\n\n\n<p>Les contenus de ce site sont prot\u00e9g\u00e9s et appartiennent exclusivement \u00e0 YOUPLUS. Ces informations ne peuvent \u00eatre utilis\u00e9es qu\u2019avec les fonctions d\u2019un navigateur.<\/p>\n\n\n\n<h2 class=\"wp-block-heading\"><a><\/a>Impressum<\/h2>\n\n\n\n<p>Responsable pour toutes les donn\u00e9es sur les produits d\u2019assurance vie de ce site:<\/p>\n\n\n\n<p>YOUPLUS Assurance SUISSE SA, Churerstrasse 25, 8808 Pf\u00e4ffikon<\/p>\n","protected":false},"excerpt":{"rendered":"<p>Informations l\u00e9gales Veuillez lire attentivement ces pr\u00e9cisions. L\u2019acc\u00e8s au site suppose l\u2019enti\u00e8re acceptation de ces clauses. Cadre l\u00e9gal Le site de YOUPLUS Leben n'est pas destin\u00e9 aux personnes dont le for juridique prohibe l'acc\u00e8s au site YOUPLUS (pour des motifs de nationalit\u00e9 de la personne concern\u00e9e, de son domicile ou pour d'autres raisons). L'acc\u00e8s au [&hellip;]<\/p>\n","protected":false},"author":1,"featured_media":0,"parent":0,"menu_order":0,"comment_status":"closed","ping_status":"closed","template":"","meta":{"_acf_changed":false,"footnotes":""},"class_list":["post-1155","page","type-page","status-publish","hentry"],"acf":[],"yoast_head":"<!-- This site is optimized with the Yoast SEO plugin v27.3 - https:\/\/yoast.com\/product\/yoast-seo-wordpress\/ -->\n<title>Informations l\u00e9gales - YOUPLUS Assurance Suisse SA<\/title>\n<meta name=\"robots\" content=\"index, follow, max-snippet:-1, max-image-preview:large, max-video-preview:-1\" \/>\n<link rel=\"canonical\" href=\"https:\/\/www.youplus.ch\/fr\/impressum-fr\/\" \/>\n<meta property=\"og:locale\" content=\"fr_FR\" \/>\n<meta property=\"og:type\" content=\"article\" \/>\n<meta property=\"og:title\" content=\"Informations l\u00e9gales - YOUPLUS Assurance Suisse SA\" \/>\n<meta property=\"og:description\" content=\"Informations l\u00e9gales Veuillez lire attentivement ces pr\u00e9cisions. L\u2019acc\u00e8s au site suppose l\u2019enti\u00e8re acceptation de ces clauses. Cadre l\u00e9gal Le site de YOUPLUS Leben n&#039;est pas destin\u00e9 aux personnes dont le for juridique prohibe l&#039;acc\u00e8s au site YOUPLUS (pour des motifs de nationalit\u00e9 de la personne concern\u00e9e, de son domicile ou pour d&#039;autres raisons). L&#039;acc\u00e8s au [&hellip;]\" \/>\n<meta property=\"og:url\" content=\"https:\/\/www.youplus.ch\/fr\/impressum-fr\/\" \/>\n<meta property=\"og:site_name\" content=\"YOUPLUS Assurance Suisse SA\" \/>\n<meta property=\"article:modified_time\" content=\"2023-06-06T13:39:17+00:00\" \/>\n<meta name=\"twitter:card\" content=\"summary_large_image\" \/>\n<meta name=\"twitter:label1\" content=\"Dur\u00e9e de lecture estim\u00e9e\" \/>\n\t<meta name=\"twitter:data1\" content=\"5 minutes\" \/>\n<script type=\"application\/ld+json\" class=\"yoast-schema-graph\">{\"@context\":\"https:\\\/\\\/schema.org\",\"@graph\":[{\"@type\":\"WebPage\",\"@id\":\"https:\\\/\\\/www.youplus.ch\\\/fr\\\/impressum-fr\\\/\",\"url\":\"https:\\\/\\\/www.youplus.ch\\\/fr\\\/impressum-fr\\\/\",\"name\":\"Informations l\u00e9gales - YOUPLUS Assurance Suisse SA\",\"isPartOf\":{\"@id\":\"https:\\\/\\\/www.youplus.ch\\\/fr\\\/#website\"},\"datePublished\":\"2022-01-27T02:45:38+00:00\",\"dateModified\":\"2023-06-06T13:39:17+00:00\",\"breadcrumb\":{\"@id\":\"https:\\\/\\\/www.youplus.ch\\\/fr\\\/impressum-fr\\\/#breadcrumb\"},\"inLanguage\":\"fr-FR\",\"potentialAction\":[{\"@type\":\"ReadAction\",\"target\":[\"https:\\\/\\\/www.youplus.ch\\\/fr\\\/impressum-fr\\\/\"]}]},{\"@type\":\"BreadcrumbList\",\"@id\":\"https:\\\/\\\/www.youplus.ch\\\/fr\\\/impressum-fr\\\/#breadcrumb\",\"itemListElement\":[{\"@type\":\"ListItem\",\"position\":1,\"name\":\"Startseite\",\"item\":\"https:\\\/\\\/www.youplus.ch\\\/fr\\\/\"},{\"@type\":\"ListItem\",\"position\":2,\"name\":\"Informations l\u00e9gales\"}]},{\"@type\":\"WebSite\",\"@id\":\"https:\\\/\\\/www.youplus.ch\\\/fr\\\/#website\",\"url\":\"https:\\\/\\\/www.youplus.ch\\\/fr\\\/\",\"name\":\"YOUPLUS Assurance Suisse SA\",\"description\":\"Versicherung in Pf\u00e4ffikon\",\"potentialAction\":[{\"@type\":\"SearchAction\",\"target\":{\"@type\":\"EntryPoint\",\"urlTemplate\":\"https:\\\/\\\/www.youplus.ch\\\/fr\\\/?s={search_term_string}\"},\"query-input\":{\"@type\":\"PropertyValueSpecification\",\"valueRequired\":true,\"valueName\":\"search_term_string\"}}],\"inLanguage\":\"fr-FR\"}]}<\/script>\n<!-- \/ Yoast SEO plugin. -->","yoast_head_json":{"title":"Informations l\u00e9gales - YOUPLUS Assurance Suisse SA","robots":{"index":"index","follow":"follow","max-snippet":"max-snippet:-1","max-image-preview":"max-image-preview:large","max-video-preview":"max-video-preview:-1"},"canonical":"https:\/\/www.youplus.ch\/fr\/impressum-fr\/","og_locale":"fr_FR","og_type":"article","og_title":"Informations l\u00e9gales - YOUPLUS Assurance Suisse SA","og_description":"Informations l\u00e9gales Veuillez lire attentivement ces pr\u00e9cisions. L\u2019acc\u00e8s au site suppose l\u2019enti\u00e8re acceptation de ces clauses. Cadre l\u00e9gal Le site de YOUPLUS Leben n'est pas destin\u00e9 aux personnes dont le for juridique prohibe l'acc\u00e8s au site YOUPLUS (pour des motifs de nationalit\u00e9 de la personne concern\u00e9e, de son domicile ou pour d'autres raisons). L'acc\u00e8s au [&hellip;]","og_url":"https:\/\/www.youplus.ch\/fr\/impressum-fr\/","og_site_name":"YOUPLUS Assurance Suisse SA","article_modified_time":"2023-06-06T13:39:17+00:00","twitter_card":"summary_large_image","twitter_misc":{"Dur\u00e9e de lecture estim\u00e9e":"5 minutes"},"schema":{"@context":"https:\/\/schema.org","@graph":[{"@type":"WebPage","@id":"https:\/\/www.youplus.ch\/fr\/impressum-fr\/","url":"https:\/\/www.youplus.ch\/fr\/impressum-fr\/","name":"Informations l\u00e9gales - YOUPLUS Assurance Suisse SA","isPartOf":{"@id":"https:\/\/www.youplus.ch\/fr\/#website"},"datePublished":"2022-01-27T02:45:38+00:00","dateModified":"2023-06-06T13:39:17+00:00","breadcrumb":{"@id":"https:\/\/www.youplus.ch\/fr\/impressum-fr\/#breadcrumb"},"inLanguage":"fr-FR","potentialAction":[{"@type":"ReadAction","target":["https:\/\/www.youplus.ch\/fr\/impressum-fr\/"]}]},{"@type":"BreadcrumbList","@id":"https:\/\/www.youplus.ch\/fr\/impressum-fr\/#breadcrumb","itemListElement":[{"@type":"ListItem","position":1,"name":"Startseite","item":"https:\/\/www.youplus.ch\/fr\/"},{"@type":"ListItem","position":2,"name":"Informations l\u00e9gales"}]},{"@type":"WebSite","@id":"https:\/\/www.youplus.ch\/fr\/#website","url":"https:\/\/www.youplus.ch\/fr\/","name":"YOUPLUS Assurance Suisse SA","description":"Versicherung in Pf\u00e4ffikon","potentialAction":[{"@type":"SearchAction","target":{"@type":"EntryPoint","urlTemplate":"https:\/\/www.youplus.ch\/fr\/?s={search_term_string}"},"query-input":{"@type":"PropertyValueSpecification","valueRequired":true,"valueName":"search_term_string"}}],"inLanguage":"fr-FR"}]}},"_links":{"self":[{"href":"https:\/\/www.youplus.ch\/fr\/wp-json\/wp\/v2\/pages\/1155","targetHints":{"allow":["GET"]}}],"collection":[{"href":"https:\/\/www.youplus.ch\/fr\/wp-json\/wp\/v2\/pages"}],"about":[{"href":"https:\/\/www.youplus.ch\/fr\/wp-json\/wp\/v2\/types\/page"}],"author":[{"embeddable":true,"href":"https:\/\/www.youplus.ch\/fr\/wp-json\/wp\/v2\/users\/1"}],"replies":[{"embeddable":true,"href":"https:\/\/www.youplus.ch\/fr\/wp-json\/wp\/v2\/comments?post=1155"}],"version-history":[{"count":7,"href":"https:\/\/www.youplus.ch\/fr\/wp-json\/wp\/v2\/pages\/1155\/revisions"}],"predecessor-version":[{"id":5055,"href":"https:\/\/www.youplus.ch\/fr\/wp-json\/wp\/v2\/pages\/1155\/revisions\/5055"}],"wp:attachment":[{"href":"https:\/\/www.youplus.ch\/fr\/wp-json\/wp\/v2\/media?parent=1155"}],"curies":[{"name":"wp","href":"https:\/\/api.w.org\/{rel}","templated":true}]}}